{"id":252,"date":"2025-01-13T10:26:21","date_gmt":"2025-01-13T09:26:21","guid":{"rendered":"https:\/\/randl-cnctechnik.de\/?page_id=252"},"modified":"2025-02-06T09:52:52","modified_gmt":"2025-02-06T08:52:52","slug":"about-us","status":"publish","type":"page","link":"https:\/\/randl-cnctechnik.de\/?page_id=252","title":{"rendered":"\u00dcber uns \u2013 Erfahrung &amp; Pr\u00e4zision in der CNC-Technik"},"content":{"rendered":"<p><div class=\"et_d4_element et_pb_section et_pb_section_0 et_pb_with_background  et_pb_css_mix_blend_mode et_section_regular section_has_divider et_pb_bottom_divider et_block_section\" >\n\t\t\t\t\n\t\t\t\t\n\t\t\t\t\n\t\t\t\t\n\t\t\t\t<span class=\"et_pb_background_mask\"><\/span>\n\t\t\t\t\n\t\t\t\t<div class=\"et_d4_element et_pb_row et_pb_row_0  et_pb_css_mix_blend_mode et_block_row\">\n\t\t\t\t<div class=\"et_d4_element et_pb_column_4_4 et_pb_column et_pb_column_0  et_pb_css_mix_blend_mode et-last-child et_block_column\">\n\t\t\t\t\n\t\t\t\t\n\t\t\t\t\n\t\t\t\t\n\t\t\t\t<div class=\"et_pb_module et_d4_element et_pb_heading et_pb_heading_0 et_pb_bg_layout_\">\n\t\t\t\t\n\t\t\t\t\n\t\t\t\t\n\t\t\t\t\n\t\t\t\t<div class=\"et_pb_heading_container\"><h1 class=\"et_pb_module_heading\">Das sind Wir<\/h1><\/div>\n\t\t\t<\/div><div class=\"et_pb_module et_d4_element et_pb_divider_0 et_pb_space et_pb_divider_hidden\"><div class=\"et_pb_divider_internal\"><\/div><\/div><div class=\"et_pb_module et_d4_element et_pb_text et_pb_text_0  et_pb_text_align_left et_pb_bg_layout_light\">\n\t\t\t\t\n\t\t\t\t\n\t\t\t\t\n\t\t\t\t\n\t\t\t\t<div class=\"et_pb_text_inner\"><p style=\"text-align: justify;\">Hinter <strong>Randl CNC Technik<\/strong> stehen zwei leidenschaftliche Experten mit langj\u00e4hriger Erfahrung in der CNC-Fertigung. Unser Ziel ist es, h\u00f6chste Pr\u00e4zision und Qualit\u00e4t mit modernster Technik zu vereinen. Wir setzen auf innovative L\u00f6sungen, um individuelle Anforderungen effizient und zuverl\u00e4ssig umzusetzen.<\/p><\/div>\n\t\t\t<\/div><div class=\"et_pb_module et_d4_element et_pb_divider_1 et_pb_space et_pb_divider_hidden\"><div class=\"et_pb_divider_internal\"><\/div><\/div>\n\t\t\t<\/div>\n\t\t\t\t\n\t\t\t\t\n\t\t\t\t\n\t\t\t\t\n\t\t\t<\/div>\n\t\t\t\t\n\t\t\t\t<div class=\"et_pb_bottom_inside_divider et-no-transition\"><\/div>\n\t\t\t<\/div><div class=\"et_d4_element et_pb_section et_pb_section_1  et_pb_css_mix_blend_mode et_section_specialty section_has_divider et_pb_bottom_divider et_block_section\" >\n\t\t\t\t\n\t\t\t\t\n\t\t\t\t\n\t\t\t\t\n\t\t\t\t\n\t\t\t\t<div class=\"et_pb_row et_block_row et_d4_element\">\n\t\t\t\t<div class=\"et_d4_element et_pb_column_1_2 et_pb_column et_pb_column_1   et_pb_specialty_column  et_pb_css_mix_blend_mode et_block_column\">\n\t\t\t\t\n\t\t\t\t\n\t\t\t\t\n\t\t\t\t\n\t\t\t\t<div class=\"et_d4_element et_pb_row_inner et_pb_row_inner_0  et_pb_css_mix_blend_mode et_block_row\">\n\t\t\t\t<div class=\"et_pb_column et_pb_column_4_4 et_d4_element et_pb_column_inner et_pb_column_inner_0  et_pb_css_mix_blend_mode et-last-child et_block_column\">\n\t\t\t\t\n\t\t\t\t\n\t\t\t\t\n\t\t\t\t\n\t\t\t\t<div class=\"et_pb_module et_d4_element et_pb_team_member et_pb_team_member_0 clearfix  et_pb_bg_layout_light\">\n\t\t\t\t\n\t\t\t\t\n\t\t\t\t\n\t\t\t\t\n\t\t\t\t<div class=\"et_pb_team_member_image et-waypoint et_pb_animation_off  et_pb_css_mix_blend_mode\"><img loading=\"lazy\" decoding=\"async\" width=\"1709\" height=\"1709\" src=\"https:\/\/randl-cnctechnik.de\/wp-content\/uploads\/2025\/01\/DomiSquare.jpg\" alt=\"Dominik R.\" srcset=\"https:\/\/randl-cnctechnik.de\/wp-content\/uploads\/2025\/01\/DomiSquare.jpg 1709w, https:\/\/randl-cnctechnik.de\/wp-content\/uploads\/2025\/01\/DomiSquare-1280x1280.jpg 1280w, https:\/\/randl-cnctechnik.de\/wp-content\/uploads\/2025\/01\/DomiSquare-980x980.jpg 980w, https:\/\/randl-cnctechnik.de\/wp-content\/uploads\/2025\/01\/DomiSquare-480x480.jpg 480w\" sizes=\"(min-width: 0px) and (max-width: 480px) 480px, (min-width: 481px) and (max-width: 980px) 980px, (min-width: 981px) and (max-width: 1280px) 1280px, (min-width: 1281px) 1709px, 100vw\" class=\"wp-image-273\" \/><\/div>\n\t\t\t\t<div class=\"et_pb_team_member_description\">\n\t\t\t\t\t<h4 class=\"et_pb_module_header\">Dominik R.<\/h4>\n\t\t\t\t\t<p class=\"et_pb_member_position\">Unternehmer<\/p>\n\t\t\t\t\t<div><p><span>\"Als Unternehmer stehe ich Ihnen in puncto Fragen zur Wirtschaftlichkeit, Logistik, Buchhaltung und Kundenbetreuung zur Verf\u00fcgung...\"<\/span><\/p><\/div>\n\t\t\t\t\t\n\t\t\t\t<\/div>\n\t\t\t<\/div>\n\t\t\t<\/div>\n\t\t\t\t\n\t\t\t\t\n\t\t\t\t\n\t\t\t\t\n\t\t\t<\/div>\n\t\t\t<\/div><div class=\"et_d4_element et_pb_column_1_2 et_pb_column et_pb_column_2    et_pb_css_mix_blend_mode et_block_column\">\n\t\t\t\t\n\t\t\t\t\n\t\t\t\t\n\t\t\t\t\n\t\t\t\t<div class=\"et_pb_module et_d4_element et_pb_team_member et_pb_team_member_1 clearfix  et_pb_bg_layout_light\">\n\t\t\t\t\n\t\t\t\t\n\t\t\t\t\n\t\t\t\t\n\t\t\t\t<div class=\"et_pb_team_member_image et-waypoint et_pb_animation_off  et_pb_css_mix_blend_mode\"><img loading=\"lazy\" decoding=\"async\" width=\"872\" height=\"872\" src=\"https:\/\/randl-cnctechnik.de\/wp-content\/uploads\/2025\/01\/raimundsquare.jpeg\" alt=\"Raimund S.\" srcset=\"https:\/\/randl-cnctechnik.de\/wp-content\/uploads\/2025\/01\/raimundsquare.jpeg 872w, https:\/\/randl-cnctechnik.de\/wp-content\/uploads\/2025\/01\/raimundsquare-480x480.jpeg 480w\" sizes=\"(min-width: 0px) and (max-width: 480px) 480px, (min-width: 481px) 872px, 100vw\" class=\"wp-image-274\" \/><\/div>\n\t\t\t\t<div class=\"et_pb_team_member_description\">\n\t\t\t\t\t<h4 class=\"et_pb_module_header\">Raimund S.<\/h4>\n\t\t\t\t\t<p class=\"et_pb_member_position\">Unternehmer<\/p>\n\t\t\t\t\t<div><p><span>\"Als staatlich gepr\u00fcfter\u00a0<\/span><span>Maschinenbautechniker\u00a0 habe ich jahrelange Erfahrung mit CAD\/CAM Systemen und \u00fcber 15 Jahren Berufserfahrung in der Zerspanung. \"<\/span><\/p><\/div>\n\t\t\t\t\t\n\t\t\t\t<\/div>\n\t\t\t<\/div>\n\t\t\t<\/div>\n\t\t\t\t<\/div>\n\t\t\t\t<div class=\"et_pb_bottom_inside_divider et-no-transition\"><\/div>\n\t\t\t<\/div><div class=\"et_d4_element et_pb_section et_pb_section_2 et_pb_with_background  et_pb_css_mix_blend_mode et_section_regular et_block_section\" >\n\t\t\t\t\n\t\t\t\t\n\t\t\t\t\n\t\t\t\t\n\t\t\t\t\n\t\t\t\t\n\t\t\t\t<div class=\"et_d4_element et_pb_row et_pb_row_1  et_pb_css_mix_blend_mode et_block_row\">\n\t\t\t\t<div class=\"et_d4_element et_pb_column_4_4 et_pb_column et_pb_column_3  et_pb_css_mix_blend_mode et-last-child et_block_column\">\n\t\t\t\t\n\t\t\t\t\n\t\t\t\t\n\t\t\t\t\n\t\t\t\t<div class=\"et_pb_module et_d4_element et_pb_text et_pb_text_1  et_pb_text_align_left et_pb_bg_layout_light\">\n\t\t\t\t\n\t\t\t\t\n\t\t\t\t\n\t\t\t\t\n\t\t\t\t<div class=\"et_pb_text_inner\"><h2 style=\"text-align: center;\">Erfahrung &amp; Pr\u00e4zision in der CNC-Technik<\/h2><\/div>\n\t\t\t<\/div>\n\t\t\t<\/div>\n\t\t\t\t\n\t\t\t\t\n\t\t\t\t\n\t\t\t\t\n\t\t\t<\/div><div class=\"et_d4_element et_pb_row et_pb_row_2 et_pb_gutters3  et_pb_css_mix_blend_mode et_block_row\">\n\t\t\t\t<div class=\"et_d4_element et_pb_column_1_2 et_pb_column et_pb_column_4  et_pb_css_mix_blend_mode et_block_column\">\n\t\t\t\t\n\t\t\t\t\n\t\t\t\t\n\t\t\t\t\n\t\t\t\t<div class=\"et_pb_module et_d4_element et_pb_text et_pb_text_2  et_pb_text_align_left et_pb_bg_layout_light\">\n\t\t\t\t\n\t\t\t\t\n\t\t\t\t\n\t\t\t\t\n\t\t\t\t<div class=\"et_pb_text_inner\"><p>\ud83d\udd39 <strong>Expertise &amp; Know-how<\/strong> \u2013 Jahrzehntelange Erfahrung in der CNC-Bearbeitung.<br \/>\ud83d\udd39 <strong>Qualit\u00e4t &amp; Pr\u00e4zision<\/strong> \u2013 Perfektion bis ins kleinste Detail.<br \/>\ud83d\udd39 <strong>Zuverl\u00e4ssigkeit &amp; Innovation<\/strong> \u2013 Ma\u00dfgeschneiderte L\u00f6sungen f\u00fcr Ihre Projekte.<\/p>\n<p>\ud83d\udca1 <strong>Unsere Mission:<\/strong><br \/>Wir stehen f\u00fcr Qualit\u00e4t, Pr\u00e4zision und Kundenzufriedenheit. Jedes Bauteil wird mit h\u00f6chster Sorgfalt gefertigt \u2013 von der Einzelanfertigung bis zur Serienproduktion.<\/p>\n<p>\ud83d\udc49 <strong>Lernen Sie uns kennen \u2013 wir freuen uns auf Ihre Anfrage!<\/strong><\/p><\/div>\n\t\t\t<\/div>\n\t\t\t<\/div><div class=\"et_d4_element et_pb_column_1_2 et_pb_column et_pb_column_5  et_pb_css_mix_blend_mode et-last-child et_block_column\">\n\t\t\t\t\n\t\t\t\t\n\t\t\t\t\n\t\t\t\t\n\t\t\t\t<div class=\"et_pb_button_module_wrapper et_pb_button_0_wrapper et_pb_button_alignment_center et_pb_module \">\n\t\t\t\t<a class=\"et_pb_button et_d4_element et_pb_button_0 et_animated et_pb_bg_layout_dark et_block_module\" href=\"\" data-icon=\"E\">Kontakt<\/a>\n\t\t\t<\/div>\n\t\t\t<\/div>\n\t\t\t\t\n\t\t\t\t\n\t\t\t\t\n\t\t\t\t\n\t\t\t<\/div>\n\t\t\t\t\n\t\t\t\t\n\t\t\t<\/div><div class=\"et_d4_element et_pb_section et_pb_section_4 et_pb_with_background  et_pb_css_mix_blend_mode et_section_regular et_block_section\" >\n\t\t\t\t\n\t\t\t\t\n\t\t\t\t\n\t\t\t\t\n\t\t\t\t\n\t\t\t\t\n\t\t\t\t<div class=\"et_d4_element et_pb_row et_pb_row_3  et_pb_css_mix_blend_mode et_block_row\">\n\t\t\t\t<div class=\"et_d4_element et_pb_column_1_3 et_pb_column et_pb_column_6  et_pb_css_mix_blend_mode et_block_column\">\n\t\t\t\t\n\t\t\t\t\n\t\t\t\t\n\t\t\t\t\n\t\t\t\t<div class=\"et_pb_module et_d4_element et_pb_text et_pb_text_3  et_pb_text_align_left et_pb_bg_layout_light\">\n\t\t\t\t\n\t\t\t\t\n\t\t\t\t\n\t\t\t\t\n\t\t\t\t<div class=\"et_pb_text_inner\"><h5>Services<\/h5><\/div>\n\t\t\t<\/div><div class=\"et_pb_module et_d4_element et_pb_text et_pb_text_4 et_clickable  et_pb_text_align_left et_pb_bg_layout_light\">\n\t\t\t\t\n\t\t\t\t\n\t\t\t\t\n\t\t\t\t\n\t\t\t\t<div class=\"et_pb_text_inner\"><ul>\n<li>CNC Fr\u00e4sen<\/li>\n<li>CNC Drehen<\/li>\n<li>Schwei\u00dfen, Schleifen<\/li>\n<li>Sandstrahlen<\/li>\n<li>Galvanische Verzinkung<\/li>\n<li>Pulverbeschichtung<\/li>\n<li>H\u00e4rten, Lackieren<\/li>\n<li>Eloxieren von Aluminium<\/li>\n<li>Vernickeln, Verchromen<\/li>\n<\/ul><\/div>\n\t\t\t<\/div>\n\t\t\t<\/div><div class=\"et_d4_element et_pb_column_1_3 et_pb_column et_pb_column_7  et_pb_css_mix_blend_mode et_block_column\">\n\t\t\t\t\n\t\t\t\t\n\t\t\t\t\n\t\t\t\t\n\t\t\t\t<div class=\"et_pb_module et_d4_element et_pb_text et_pb_text_5  et_pb_text_align_left et_pb_bg_layout_light\">\n\t\t\t\t\n\t\t\t\t\n\t\t\t\t\n\t\t\t\t\n\t\t\t\t<div class=\"et_pb_text_inner\"><h5>Links<\/h5><\/div>\n\t\t\t<\/div><div class=\"et_pb_module et_d4_element et_pb_text et_pb_text_6  et_pb_text_align_left et_pb_bg_layout_light\">\n\t\t\t\t\n\t\t\t\t\n\t\t\t\t\n\t\t\t\t\n\t\t\t\t<div class=\"et_pb_text_inner\"><ul>\n<li><a href=\"https:\/\/randl-cnctechnik.de\/services\/\" title=\"Pr\u00e4zision und Qualit\u00e4t aus einer Hand\">Services<\/a><\/li>\n<li><a href=\"https:\/\/randl-cnctechnik.de\/about-us\/\" title=\"Das sind Wir\">\u00dcber Uns<\/a><\/li>\n<li><a href=\"https:\/\/randl-cnctechnik.de\/contact\/\" title=\"Kontakt Formular\">Kontakt<\/a><\/li>\n<li><a href=\"https:\/\/randl-cnctechnik.de\/datenschutzerklaerung\/\" title=\"Impressum und Datenschutz\">Impressum<\/a><\/li>\n<li><a href=\"https:\/\/randl-cnctechnik.de\/datenschutzerklaerung\/\" title=\"Datenschutz\">Datenschutz<\/a><\/li>\n<\/ul><\/div>\n\t\t\t<\/div>\n\t\t\t<\/div><div class=\"et_d4_element et_pb_column_1_3 et_pb_column et_pb_column_8  et_pb_css_mix_blend_mode et-last-child et_block_column\">\n\t\t\t\t\n\t\t\t\t\n\t\t\t\t\n\t\t\t\t\n\t\t\t\t<div class=\"et_pb_module et_d4_element et_pb_text et_pb_text_7  et_pb_text_align_left et_pb_bg_layout_light\">\n\t\t\t\t\n\t\t\t\t\n\t\t\t\t\n\t\t\t\t\n\t\t\t\t<div class=\"et_pb_text_inner\"><h5>CNC Technik Randl<\/h5><\/div>\n\t\t\t<\/div><div class=\"et_pb_module et_d4_element et_pb_text et_pb_text_8  et_pb_text_align_left et_pb_bg_layout_light\">\n\t\t\t\t\n\t\t\t\t\n\t\t\t\t\n\t\t\t\t\n\t\t\t\t<div class=\"et_pb_text_inner\"><p>Gr\u00fcnweg 1, 83370 Seeon<\/p><\/div>\n\t\t\t<\/div><div class=\"et_pb_module et_d4_element et_pb_text et_pb_text_9  et_pb_text_align_left et_pb_bg_layout_light\">\n\t\t\t\t\n\t\t\t\t\n\t\t\t\t\n\t\t\t\t\n\t\t\t\t<div class=\"et_pb_text_inner\"><p>(+49) 171 458 506 3<\/p><\/div>\n\t\t\t<\/div><div class=\"et_pb_module et_d4_element et_pb_text et_pb_text_10  et_pb_text_align_left et_pb_bg_layout_light\">\n\t\t\t\t\n\t\t\t\t\n\t\t\t\t\n\t\t\t\t\n\t\t\t\t<div class=\"et_pb_text_inner\"><p><a href=\"mailto:info@randl-cnctechnik.de\">info@randl-cnctechnik.de<\/a><\/p><\/div>\n\t\t\t<\/div><ul class=\"et_pb_module et_d4_element et_pb_social_media_follow et_pb_social_media_follow_0 clearfix  et_pb_bg_layout_light\">\n\t\t\t\t\n\t\t\t\t\n\t\t\t\t\n\t\t\t\t\n\t\t\t\t<li\n            class='et_d4_element et_pb_social_media_follow_network_0 et_pb_social_icon et_pb_social_network_link  et-social-facebook'><a\n              href='https:\/\/www.facebook.com\/p\/CNC-Technik-Randl-100065101877752\/?locale=de_DE'\n              class='icon et_pb_with_border'\n              title='Auf Facebook folgen'\n               target=\"_blank\"><span\n                class='et_pb_social_media_follow_network_name'\n                aria-hidden='true'\n                >Folgen<\/span><\/a><\/li>\n\t\t\t<\/ul>\n\t\t\t<\/div>\n\t\t\t\t\n\t\t\t\t\n\t\t\t\t\n\t\t\t\t\n\t\t\t<\/div>\n\t\t\t\t\n\t\t\t\t\n\t\t\t<\/div><\/p>\n","protected":false},"excerpt":{"rendered":"<p>Lernen Sie die K\u00f6pfe hinter Randl CNC Technik kennen. Unsere erfahrenen Gesch\u00e4ftsf\u00fchrer stehen f\u00fcr Pr\u00e4zision,&#8230;<\/p>\n","protected":false},"author":1,"featured_media":48,"parent":0,"menu_order":0,"comment_status":"closed","ping_status":"closed","template":"","meta":{"_et_pb_use_builder":"on","_et_pb_old_content":"","_et_gb_content_width":"","footnotes":""},"class_list":["post-252","page","type-page","status-publish","has-post-thumbnail","hentry"],"yoast_head":"<!-- This site is optimized with the Yoast SEO plugin v27.1.1 - https:\/\/yoast.com\/product\/yoast-seo-wordpress\/ -->\n<title>\u00dcber uns \u2013 Erfahrung &amp; Pr\u00e4zision in der CNC-Technik - Randl CNC Technik<\/title>\n<meta name=\"description\" content=\"Hinter Randl CNC Technik stehen zwei leidenschaftliche Experten mit langj\u00e4hriger Erfahrung in der CNC-Fertigung. Unser Ziel ist es, h\u00f6chste Pr\u00e4zision und Qualit\u00e4t mit modernster Technik zu vereinen. Wir setzen auf innovative L\u00f6sungen, um individuelle Anforderungen effizient und zuverl\u00e4ssig umzusetzen.\" \/>\n<meta name=\"robots\" content=\"index, follow, max-snippet:-1, max-image-preview:large, max-video-preview:-1\" \/>\n<link rel=\"canonical\" href=\"https:\/\/randl-cnctechnik.de\/?page_id=252\" \/>\n<meta property=\"og:locale\" content=\"de_DE\" \/>\n<meta property=\"og:type\" content=\"article\" \/>\n<meta property=\"og:title\" content=\"\u00dcber uns \u2013 Erfahrung &amp; Pr\u00e4zision in der CNC-Technik - Randl CNC Technik\" \/>\n<meta property=\"og:description\" content=\"Hinter Randl CNC Technik stehen zwei leidenschaftliche Experten mit langj\u00e4hriger Erfahrung in der CNC-Fertigung. Unser Ziel ist es, h\u00f6chste Pr\u00e4zision und Qualit\u00e4t mit modernster Technik zu vereinen. Wir setzen auf innovative L\u00f6sungen, um individuelle Anforderungen effizient und zuverl\u00e4ssig umzusetzen.\" \/>\n<meta property=\"og:url\" content=\"https:\/\/randl-cnctechnik.de\/?page_id=252\" \/>\n<meta property=\"og:site_name\" content=\"Randl CNC Technik\" \/>\n<meta property=\"article:publisher\" content=\"https:\/\/www.facebook.com\/profile.php?id=100065101877752\" \/>\n<meta property=\"article:modified_time\" content=\"2025-02-06T08:52:52+00:00\" \/>\n<meta property=\"og:image\" content=\"https:\/\/randl-cnctechnik.de\/wp-content\/uploads\/2020\/05\/CNC-Logo-Neu.jpg\" \/>\n\t<meta property=\"og:image:width\" content=\"507\" \/>\n\t<meta property=\"og:image:height\" content=\"683\" \/>\n\t<meta property=\"og:image:type\" content=\"image\/jpeg\" \/>\n<meta name=\"twitter:card\" content=\"summary_large_image\" \/>\n<meta name=\"twitter:label1\" content=\"Gesch\u00e4tzte Lesezeit\" \/>\n\t<meta name=\"twitter:data1\" content=\"2\u00a0Minuten\" \/>\n<script type=\"application\/ld+json\" class=\"yoast-schema-graph\">{\"@context\":\"https:\/\/schema.org\",\"@graph\":[{\"@type\":\"WebPage\",\"@id\":\"https:\/\/randl-cnctechnik.de\/?page_id=252\",\"url\":\"https:\/\/randl-cnctechnik.de\/?page_id=252\",\"name\":\"\u00dcber uns \u2013 Erfahrung &amp; Pr\u00e4zision in der CNC-Technik - Randl CNC Technik\",\"isPartOf\":{\"@id\":\"https:\/\/randl-cnctechnik.de\/#website\"},\"primaryImageOfPage\":{\"@id\":\"https:\/\/randl-cnctechnik.de\/?page_id=252#primaryimage\"},\"image\":{\"@id\":\"https:\/\/randl-cnctechnik.de\/?page_id=252#primaryimage\"},\"thumbnailUrl\":\"https:\/\/randl-cnctechnik.de\/wp-content\/uploads\/2020\/05\/CNC-Logo-Neu.jpg\",\"datePublished\":\"2025-01-13T09:26:21+00:00\",\"dateModified\":\"2025-02-06T08:52:52+00:00\",\"description\":\"Hinter Randl CNC Technik stehen zwei leidenschaftliche Experten mit langj\u00e4hriger Erfahrung in der CNC-Fertigung. Unser Ziel ist es, h\u00f6chste Pr\u00e4zision und Qualit\u00e4t mit modernster Technik zu vereinen. Wir setzen auf innovative L\u00f6sungen, um individuelle Anforderungen effizient und zuverl\u00e4ssig umzusetzen.\",\"breadcrumb\":{\"@id\":\"https:\/\/randl-cnctechnik.de\/?page_id=252#breadcrumb\"},\"inLanguage\":\"de\",\"potentialAction\":[{\"@type\":\"ReadAction\",\"target\":[\"https:\/\/randl-cnctechnik.de\/?page_id=252\"]}]},{\"@type\":\"ImageObject\",\"inLanguage\":\"de\",\"@id\":\"https:\/\/randl-cnctechnik.de\/?page_id=252#primaryimage\",\"url\":\"https:\/\/randl-cnctechnik.de\/wp-content\/uploads\/2020\/05\/CNC-Logo-Neu.jpg\",\"contentUrl\":\"https:\/\/randl-cnctechnik.de\/wp-content\/uploads\/2020\/05\/CNC-Logo-Neu.jpg\",\"width\":507,\"height\":683},{\"@type\":\"BreadcrumbList\",\"@id\":\"https:\/\/randl-cnctechnik.de\/?page_id=252#breadcrumb\",\"itemListElement\":[{\"@type\":\"ListItem\",\"position\":1,\"name\":\"Startseite\",\"item\":\"https:\/\/randl-cnctechnik.de\/\"},{\"@type\":\"ListItem\",\"position\":2,\"name\":\"\u00dcber uns \u2013 Erfahrung &amp; Pr\u00e4zision in der CNC-Technik\"}]},{\"@type\":\"WebSite\",\"@id\":\"https:\/\/randl-cnctechnik.de\/#website\",\"url\":\"https:\/\/randl-cnctechnik.de\/\",\"name\":\"Randl CNC Technik\",\"description\":\"Die 5-Achsen-Bearbeitungsprofis im Chiemgau\",\"publisher\":{\"@id\":\"https:\/\/randl-cnctechnik.de\/#organization\"},\"potentialAction\":[{\"@type\":\"SearchAction\",\"target\":{\"@type\":\"EntryPoint\",\"urlTemplate\":\"https:\/\/randl-cnctechnik.de\/?s={search_term_string}\"},\"query-input\":{\"@type\":\"PropertyValueSpecification\",\"valueRequired\":true,\"valueName\":\"search_term_string\"}}],\"inLanguage\":\"de\"},{\"@type\":\"Organization\",\"@id\":\"https:\/\/randl-cnctechnik.de\/#organization\",\"name\":\"Randl CNC Technik\",\"url\":\"https:\/\/randl-cnctechnik.de\/\",\"logo\":{\"@type\":\"ImageObject\",\"inLanguage\":\"de\",\"@id\":\"https:\/\/randl-cnctechnik.de\/#\/schema\/logo\/image\/\",\"url\":\"https:\/\/randl-cnctechnik.de\/wp-content\/uploads\/2020\/05\/cropped-Randl-Logo-ohneText.png\",\"contentUrl\":\"https:\/\/randl-cnctechnik.de\/wp-content\/uploads\/2020\/05\/cropped-Randl-Logo-ohneText.png\",\"width\":512,\"height\":512,\"caption\":\"Randl CNC Technik\"},\"image\":{\"@id\":\"https:\/\/randl-cnctechnik.de\/#\/schema\/logo\/image\/\"},\"sameAs\":[\"https:\/\/www.facebook.com\/profile.php?id=100065101877752\"]}]}<\/script>\n<!-- \/ Yoast SEO plugin. -->","yoast_head_json":{"title":"\u00dcber uns \u2013 Erfahrung &amp; Pr\u00e4zision in der CNC-Technik - Randl CNC Technik","description":"Hinter Randl CNC Technik stehen zwei leidenschaftliche Experten mit langj\u00e4hriger Erfahrung in der CNC-Fertigung. Unser Ziel ist es, h\u00f6chste Pr\u00e4zision und Qualit\u00e4t mit modernster Technik zu vereinen. Wir setzen auf innovative L\u00f6sungen, um individuelle Anforderungen effizient und zuverl\u00e4ssig umzusetzen.","robots":{"index":"index","follow":"follow","max-snippet":"max-snippet:-1","max-image-preview":"max-image-preview:large","max-video-preview":"max-video-preview:-1"},"canonical":"https:\/\/randl-cnctechnik.de\/?page_id=252","og_locale":"de_DE","og_type":"article","og_title":"\u00dcber uns \u2013 Erfahrung &amp; Pr\u00e4zision in der CNC-Technik - Randl CNC Technik","og_description":"Hinter Randl CNC Technik stehen zwei leidenschaftliche Experten mit langj\u00e4hriger Erfahrung in der CNC-Fertigung. Unser Ziel ist es, h\u00f6chste Pr\u00e4zision und Qualit\u00e4t mit modernster Technik zu vereinen. Wir setzen auf innovative L\u00f6sungen, um individuelle Anforderungen effizient und zuverl\u00e4ssig umzusetzen.","og_url":"https:\/\/randl-cnctechnik.de\/?page_id=252","og_site_name":"Randl CNC Technik","article_publisher":"https:\/\/www.facebook.com\/profile.php?id=100065101877752","article_modified_time":"2025-02-06T08:52:52+00:00","og_image":[{"width":507,"height":683,"url":"https:\/\/randl-cnctechnik.de\/wp-content\/uploads\/2020\/05\/CNC-Logo-Neu.jpg","type":"image\/jpeg"}],"twitter_card":"summary_large_image","twitter_misc":{"Gesch\u00e4tzte Lesezeit":"2\u00a0Minuten"},"schema":{"@context":"https:\/\/schema.org","@graph":[{"@type":"WebPage","@id":"https:\/\/randl-cnctechnik.de\/?page_id=252","url":"https:\/\/randl-cnctechnik.de\/?page_id=252","name":"\u00dcber uns \u2013 Erfahrung &amp; Pr\u00e4zision in der CNC-Technik - Randl CNC Technik","isPartOf":{"@id":"https:\/\/randl-cnctechnik.de\/#website"},"primaryImageOfPage":{"@id":"https:\/\/randl-cnctechnik.de\/?page_id=252#primaryimage"},"image":{"@id":"https:\/\/randl-cnctechnik.de\/?page_id=252#primaryimage"},"thumbnailUrl":"https:\/\/randl-cnctechnik.de\/wp-content\/uploads\/2020\/05\/CNC-Logo-Neu.jpg","datePublished":"2025-01-13T09:26:21+00:00","dateModified":"2025-02-06T08:52:52+00:00","description":"Hinter Randl CNC Technik stehen zwei leidenschaftliche Experten mit langj\u00e4hriger Erfahrung in der CNC-Fertigung. Unser Ziel ist es, h\u00f6chste Pr\u00e4zision und Qualit\u00e4t mit modernster Technik zu vereinen. Wir setzen auf innovative L\u00f6sungen, um individuelle Anforderungen effizient und zuverl\u00e4ssig umzusetzen.","breadcrumb":{"@id":"https:\/\/randl-cnctechnik.de\/?page_id=252#breadcrumb"},"inLanguage":"de","potentialAction":[{"@type":"ReadAction","target":["https:\/\/randl-cnctechnik.de\/?page_id=252"]}]},{"@type":"ImageObject","inLanguage":"de","@id":"https:\/\/randl-cnctechnik.de\/?page_id=252#primaryimage","url":"https:\/\/randl-cnctechnik.de\/wp-content\/uploads\/2020\/05\/CNC-Logo-Neu.jpg","contentUrl":"https:\/\/randl-cnctechnik.de\/wp-content\/uploads\/2020\/05\/CNC-Logo-Neu.jpg","width":507,"height":683},{"@type":"BreadcrumbList","@id":"https:\/\/randl-cnctechnik.de\/?page_id=252#breadcrumb","itemListElement":[{"@type":"ListItem","position":1,"name":"Startseite","item":"https:\/\/randl-cnctechnik.de\/"},{"@type":"ListItem","position":2,"name":"\u00dcber uns \u2013 Erfahrung &amp; Pr\u00e4zision in der CNC-Technik"}]},{"@type":"WebSite","@id":"https:\/\/randl-cnctechnik.de\/#website","url":"https:\/\/randl-cnctechnik.de\/","name":"Randl CNC Technik","description":"Die 5-Achsen-Bearbeitungsprofis im Chiemgau","publisher":{"@id":"https:\/\/randl-cnctechnik.de\/#organization"},"potentialAction":[{"@type":"SearchAction","target":{"@type":"EntryPoint","urlTemplate":"https:\/\/randl-cnctechnik.de\/?s={search_term_string}"},"query-input":{"@type":"PropertyValueSpecification","valueRequired":true,"valueName":"search_term_string"}}],"inLanguage":"de"},{"@type":"Organization","@id":"https:\/\/randl-cnctechnik.de\/#organization","name":"Randl CNC Technik","url":"https:\/\/randl-cnctechnik.de\/","logo":{"@type":"ImageObject","inLanguage":"de","@id":"https:\/\/randl-cnctechnik.de\/#\/schema\/logo\/image\/","url":"https:\/\/randl-cnctechnik.de\/wp-content\/uploads\/2020\/05\/cropped-Randl-Logo-ohneText.png","contentUrl":"https:\/\/randl-cnctechnik.de\/wp-content\/uploads\/2020\/05\/cropped-Randl-Logo-ohneText.png","width":512,"height":512,"caption":"Randl CNC Technik"},"image":{"@id":"https:\/\/randl-cnctechnik.de\/#\/schema\/logo\/image\/"},"sameAs":["https:\/\/www.facebook.com\/profile.php?id=100065101877752"]}]}},"_links":{"self":[{"href":"https:\/\/randl-cnctechnik.de\/index.php?rest_route=\/wp\/v2\/pages\/252","targetHints":{"allow":["GET"]}}],"collection":[{"href":"https:\/\/randl-cnctechnik.de\/index.php?rest_route=\/wp\/v2\/pages"}],"about":[{"href":"https:\/\/randl-cnctechnik.de\/index.php?rest_route=\/wp\/v2\/types\/page"}],"author":[{"embeddable":true,"href":"https:\/\/randl-cnctechnik.de\/index.php?rest_route=\/wp\/v2\/users\/1"}],"replies":[{"embeddable":true,"href":"https:\/\/randl-cnctechnik.de\/index.php?rest_route=%2Fwp%2Fv2%2Fcomments&post=252"}],"version-history":[{"count":8,"href":"https:\/\/randl-cnctechnik.de\/index.php?rest_route=\/wp\/v2\/pages\/252\/revisions"}],"predecessor-version":[{"id":508,"href":"https:\/\/randl-cnctechnik.de\/index.php?rest_route=\/wp\/v2\/pages\/252\/revisions\/508"}],"wp:featuredmedia":[{"embeddable":true,"href":"https:\/\/randl-cnctechnik.de\/index.php?rest_route=\/wp\/v2\/media\/48"}],"wp:attachment":[{"href":"https:\/\/randl-cnctechnik.de\/index.php?rest_route=%2Fwp%2Fv2%2Fmedia&parent=252"}],"curies":[{"name":"wp","href":"https:\/\/api.w.org\/{rel}","templated":true}]}}